{"id":59,"date":"2025-10-15T13:23:38","date_gmt":"2025-10-15T11:23:38","guid":{"rendered":"https:\/\/endesarrollo.dev\/TaulaArquitectura\/?page_id=59"},"modified":"2026-03-04T13:25:33","modified_gmt":"2026-03-04T12:25:33","slug":"noticies","status":"publish","type":"page","link":"https:\/\/tauladarquitectura.com\/en\/noticies\/","title":{"rendered":"Not\u00edcies"},"content":{"rendered":"<section class=\"bde-section-59-100 bde-section\">\n  \n  \n\t\n\n\n\n<div class=\"section-container\"><h1 class=\"bde-heading-59-101 bde-heading\">\nNot\u00edcies\n<\/h1><div class=\"bde-post-loop-59-102 bde-post-loop\"><div class=\"bde-loop bde-loop-grid ee-posts ee-posts-grid\">    <article class=\"bde-loop-item ee-post\">\n        <a class=\"bde-container-link-281-100-278-281-1 bde-container-link bde-container-link-281-100 breakdance-link\" href=\"https:\/\/tauladarquitectura.com\/en\/nou-projecte-de-reforestacio-10-000-arbres-per-combatre-el-canvi-climatic\/\" target=\"_self\" data-type=\"url\">\n  \n  \n\t\n\n\n\n<div class=\"bde-div-281-106-278-281-1 bde-div bde-div-281-106\">\n  \n  \n\t\n\n\n\n<div class=\"bde-div-281-101-278-281-1 bde-div bde-div-281-101\">\n  \n  \n\t\n\n\n\n<img decoding=\"async\" class=\"bde-image2-281-102-278-281-1 bde-image2 image bde-image2-281-102\" src=\"https:\/\/tauladarquitectura.com\/wp-content\/uploads\/2025\/10\/Rectangle-21.png\" alt=\"Taula d&#039;arquitectura\" loading=\"lazy\" srcset=\"https:\/\/tauladarquitectura.com\/wp-content\/uploads\/2025\/10\/Rectangle-21.png 491w, https:\/\/tauladarquitectura.com\/wp-content\/uploads\/2025\/10\/Rectangle-21-300x161.png 300w\" sizes=\"(max-width: 491px) 100vw, 491px\"><div class=\"bde-div-281-103-278-281-1 bde-div bde-div-281-103\">\n  \n  \n\t\n\n\n\n<ul class=\"bde-post-meta-281-105-278-281-1 bde-post-meta bde-post-meta-281-105\">            <li class=\"ee-postmeta-date-wrap\">\n                                                        <span class=\"ee-postmeta-date\">16 Oct<\/span>\n                                <\/li>\n            <\/ul>\n<\/div>\n<\/div><div class=\"bde-div-281-108-278-281-1 bde-div bde-div-281-108\">\n  \n  \n\t\n\n\n\n<div class=\"bde-div-281-113-278-281-1 bde-div bde-div-281-113\">\n  \n  \n\t\n\n\n\n<div class=\"bde-text-281-107-278-281-1 bde-text bde-text-281-107\">\nNou projecte de reforestaci\u00f3: 10.000 arbres per combatre el canvi clim\u00e0tic\n<\/div><div class=\"bde-text-281-109-278-281-1 bde-text bde-text-281-109\">\n<p>Una alian\u00e7a entre ONGs i voluntaris recuperar\u00e0 zones verdes afectades pels incendis<\/p>\n\n<\/div>\n<\/div><div class=\"bde-div-281-110-278-281-1 bde-div bde-div-281-110\">\n  \n  \n\t\n\n\n\n<div class=\"bde-text-281-111-278-281-1 bde-text bde-text-281-111\">\nSEGUINT LLEGINT\n<\/div><div class=\"bde-icon-281-112-278-281-1 bde-icon bde-icon-281-112\">\n\n    \n            <div class=\"bde-icon-icon breakdance-icon-atom\" >\n    \n                    <svg width=\"24\" height=\"24\" viewbox=\"0 0 24 24\" fill=\"none\" xmlns=\"http:\/\/www.w3.org\/2000\/svg\">\r\n<path d=\"M6.69225 11.5L16.5845 11.5L12.4845 7.40001L13.1922 6.69226L18.5 12L13.1922 17.3078L12.4845 16.6L16.5845 12.5L6.69225 12.5L6.69225 11.5Z\" fill=\"#1E1E1E\"\/>\r\n<\/svg>\n        \n        \n        \n            <\/div>\n    \n\n\n<\/div>\n<\/div>\n<\/div>\n<\/div>\n\n<\/a>    <\/article>\n    <article class=\"bde-loop-item ee-post\">\n        <a class=\"bde-container-link-281-100-275-281-1 bde-container-link bde-container-link-281-100 breakdance-link\" href=\"https:\/\/tauladarquitectura.com\/en\/collaboracio-estrategica-per-impulsar-la-digitalitzacio-a-lentorn-rural\/\" target=\"_self\" data-type=\"url\">\n  \n  \n\t\n\n\n\n<div class=\"bde-div-281-106-275-281-1 bde-div bde-div-281-106\">\n  \n  \n\t\n\n\n\n<div class=\"bde-div-281-101-275-281-1 bde-div bde-div-281-101\">\n  \n  \n\t\n\n\n\n<img decoding=\"async\" class=\"bde-image2-281-102-275-281-1 bde-image2 image bde-image2-281-102\" src=\"https:\/\/tauladarquitectura.com\/wp-content\/uploads\/2025\/10\/Rectangle-20.png\" alt=\"Taula d&#039;arquitectura -\" loading=\"lazy\" srcset=\"https:\/\/tauladarquitectura.com\/wp-content\/uploads\/2025\/10\/Rectangle-20.png 491w, https:\/\/tauladarquitectura.com\/wp-content\/uploads\/2025\/10\/Rectangle-20-300x158.png 300w\" sizes=\"(max-width: 491px) 100vw, 491px\"><div class=\"bde-div-281-103-275-281-1 bde-div bde-div-281-103\">\n  \n  \n\t\n\n\n\n<ul class=\"bde-post-meta-281-105-275-281-1 bde-post-meta bde-post-meta-281-105\">            <li class=\"ee-postmeta-date-wrap\">\n                                                        <span class=\"ee-postmeta-date\">16 Oct<\/span>\n                                <\/li>\n            <\/ul>\n<\/div>\n<\/div><div class=\"bde-div-281-108-275-281-1 bde-div bde-div-281-108\">\n  \n  \n\t\n\n\n\n<div class=\"bde-div-281-113-275-281-1 bde-div bde-div-281-113\">\n  \n  \n\t\n\n\n\n<div class=\"bde-text-281-107-275-281-1 bde-text bde-text-281-107\">\nCol\u00b7laboraci\u00f3 estrat\u00e8gica per impulsar la digitalitzaci\u00f3 a l\u2019entorn rural\n<\/div><div class=\"bde-text-281-109-275-281-1 bde-text bde-text-281-109\">\n<p>El projecte uneix empreses i administracions per portar connexions d&#8217;alta velocitat a zones poc accessibles<\/p>\n\n<\/div>\n<\/div><div class=\"bde-div-281-110-275-281-1 bde-div bde-div-281-110\">\n  \n  \n\t\n\n\n\n<div class=\"bde-text-281-111-275-281-1 bde-text bde-text-281-111\">\nSEGUINT LLEGINT\n<\/div><div class=\"bde-icon-281-112-275-281-1 bde-icon bde-icon-281-112\">\n\n    \n            <div class=\"bde-icon-icon breakdance-icon-atom\" >\n    \n                    <svg width=\"24\" height=\"24\" viewbox=\"0 0 24 24\" fill=\"none\" xmlns=\"http:\/\/www.w3.org\/2000\/svg\">\r\n<path d=\"M6.69225 11.5L16.5845 11.5L12.4845 7.40001L13.1922 6.69226L18.5 12L13.1922 17.3078L12.4845 16.6L16.5845 12.5L6.69225 12.5L6.69225 11.5Z\" fill=\"#1E1E1E\"\/>\r\n<\/svg>\n        \n        \n        \n            <\/div>\n    \n\n\n<\/div>\n<\/div>\n<\/div>\n<\/div>\n\n<\/a>    <\/article>\n    <article class=\"bde-loop-item ee-post\">\n        <a class=\"bde-container-link-281-100-271-281-1 bde-container-link bde-container-link-281-100 breakdance-link\" href=\"https:\/\/tauladarquitectura.com\/en\/el-projecte-revolucionari-que-canviara-el-futur-de-les-energies-renovables\/\" target=\"_self\" data-type=\"url\">\n  \n  \n\t\n\n\n\n<div class=\"bde-div-281-106-271-281-1 bde-div bde-div-281-106\">\n  \n  \n\t\n\n\n\n<div class=\"bde-div-281-101-271-281-1 bde-div bde-div-281-101\">\n  \n  \n\t\n\n\n\n<img decoding=\"async\" class=\"bde-image2-281-102-271-281-1 bde-image2 image bde-image2-281-102\" src=\"https:\/\/tauladarquitectura.com\/wp-content\/uploads\/2025\/10\/Rectangle-19.png\" alt=\"Taula d&#039;arquitectura -\" loading=\"lazy\" srcset=\"https:\/\/tauladarquitectura.com\/wp-content\/uploads\/2025\/10\/Rectangle-19.png 491w, https:\/\/tauladarquitectura.com\/wp-content\/uploads\/2025\/10\/Rectangle-19-300x161.png 300w\" sizes=\"(max-width: 491px) 100vw, 491px\"><div class=\"bde-div-281-103-271-281-1 bde-div bde-div-281-103\">\n  \n  \n\t\n\n\n\n<ul class=\"bde-post-meta-281-105-271-281-1 bde-post-meta bde-post-meta-281-105\">            <li class=\"ee-postmeta-date-wrap\">\n                                                        <span class=\"ee-postmeta-date\">16 Oct<\/span>\n                                <\/li>\n            <\/ul>\n<\/div>\n<\/div><div class=\"bde-div-281-108-271-281-1 bde-div bde-div-281-108\">\n  \n  \n\t\n\n\n\n<div class=\"bde-div-281-113-271-281-1 bde-div bde-div-281-113\">\n  \n  \n\t\n\n\n\n<div class=\"bde-text-281-107-271-281-1 bde-text bde-text-281-107\">\nEl projecte revolucionari que canviar\u00e0 el futur de les energies renovables\n<\/div><div class=\"bde-text-281-109-271-281-1 bde-text bde-text-281-109\">\n<p>Una iniciativa pionera busca combinar intel\u00b7lig\u00e8ncia artificial i sostenibilitat per optimitzar el consum energ\u00e8tic<\/p>\n\n<\/div>\n<\/div><div class=\"bde-div-281-110-271-281-1 bde-div bde-div-281-110\">\n  \n  \n\t\n\n\n\n<div class=\"bde-text-281-111-271-281-1 bde-text bde-text-281-111\">\nSEGUINT LLEGINT\n<\/div><div class=\"bde-icon-281-112-271-281-1 bde-icon bde-icon-281-112\">\n\n    \n            <div class=\"bde-icon-icon breakdance-icon-atom\" >\n    \n                    <svg width=\"24\" height=\"24\" viewbox=\"0 0 24 24\" fill=\"none\" xmlns=\"http:\/\/www.w3.org\/2000\/svg\">\r\n<path d=\"M6.69225 11.5L16.5845 11.5L12.4845 7.40001L13.1922 6.69226L18.5 12L13.1922 17.3078L12.4845 16.6L16.5845 12.5L6.69225 12.5L6.69225 11.5Z\" fill=\"#1E1E1E\"\/>\r\n<\/svg>\n        \n        \n        \n            <\/div>\n    \n\n\n<\/div>\n<\/div>\n<\/div>\n<\/div>\n\n<\/a>    <\/article>\n<\/div>\r\n<\/div><\/div>\n<\/section>","protected":false},"excerpt":{"rendered":"<p>Not\u00edcies 16 Oct Nou projecte de reforestaci\u00f3: 10.000 arbres per combatre el canvi clim\u00e0tic Una alian\u00e7a entre ONGs i voluntaris recuperar\u00e0 zones verdes afectades pels incendis SEGUINT LLEGINT 16 Oct Col\u00b7laboraci\u00f3 estrat\u00e8gica per impulsar la digitalitzaci\u00f3 a l\u2019entorn rural El projecte uneix empreses i administracions per portar connexions d&#8217;alta velocitat a zones poc accessibles SEGUINT [&hellip;]<\/p>","protected":false},"author":1,"featured_media":0,"parent":0,"menu_order":0,"comment_status":"closed","ping_status":"closed","template":"","meta":{"_acf_changed":false,"_breakdance_hide_in_design_set":false,"_breakdance_tags":"","footnotes":""},"class_list":["post-59","page","type-page","status-publish","hentry"],"acf":[],"_links":{"self":[{"href":"https:\/\/tauladarquitectura.com\/en\/wp-json\/wp\/v2\/pages\/59","targetHints":{"allow":["GET"]}}],"collection":[{"href":"https:\/\/tauladarquitectura.com\/en\/wp-json\/wp\/v2\/pages"}],"about":[{"href":"https:\/\/tauladarquitectura.com\/en\/wp-json\/wp\/v2\/types\/page"}],"author":[{"embeddable":true,"href":"https:\/\/tauladarquitectura.com\/en\/wp-json\/wp\/v2\/users\/1"}],"replies":[{"embeddable":true,"href":"https:\/\/tauladarquitectura.com\/en\/wp-json\/wp\/v2\/comments?post=59"}],"version-history":[{"count":5,"href":"https:\/\/tauladarquitectura.com\/en\/wp-json\/wp\/v2\/pages\/59\/revisions"}],"predecessor-version":[{"id":891,"href":"https:\/\/tauladarquitectura.com\/en\/wp-json\/wp\/v2\/pages\/59\/revisions\/891"}],"wp:attachment":[{"href":"https:\/\/tauladarquitectura.com\/en\/wp-json\/wp\/v2\/media?parent=59"}],"curies":[{"name":"wp","href":"https:\/\/api.w.org\/{rel}","templated":true}]}}