{"id":18,"date":"2025-10-15T12:47:46","date_gmt":"2025-10-15T10:47:46","guid":{"rendered":"https:\/\/endesarrollo.dev\/TaulaArquitectura\/?page_id=18"},"modified":"2026-03-05T10:14:07","modified_gmt":"2026-03-05T09:14:07","slug":"estudi","status":"publish","type":"page","link":"https:\/\/tauladarquitectura.com\/es\/estudi\/","title":{"rendered":"Estudi"},"content":{"rendered":"<section class=\"bde-section-18-100 bde-section\">\n  \n  \n\t\n\n\n\n<div class=\"section-container\"><div class=\"bde-columns-18-101 bde-columns\"><div class=\"bde-column-18-102 bde-column\">\n  \n  \n\t\n\n\n\n<h1 class=\"bde-heading-18-105 bde-heading\">\nContacte\n<\/h1><div class=\"bde-text-18-106 bde-text\">\nTaula  d'Arquitectura<br>Ctra de Sant Feliu 17<br>08480 L\u2019Ametlla del Vall\u00e8s<br>( +34) 658342092<br>info@tauladarquitectura.com\n<\/div><div class=\"bde-div-18-107 bde-div\">\n  \n  \n\t\n\n\n\n<a class=\"bde-text-link-18-108 bde-text-link breakdance-link\" href=\"https:\/\/www.instagram.com\/tauladarquitectura\" target=\"_blank\" data-type=\"url\" rel=\"noopener\">\n  Instagram\n\n<\/a><a class=\"bde-text-link-18-109 bde-text-link breakdance-link\" href=\"https:\/\/www.linkedin.com\/in\/jordi-sanz-878ab522\/?originalSubdomain=es\" target=\"_blank\" data-type=\"url\" rel=\"noopener\">\n  Linkedin\n\n<\/a>\n<\/div><div class=\"bde-text-18-110 bde-text\">\nActualment, no tenim cap \u2028proc\u00e9s de selecci\u00f3 obert, per\u00f2 \u2028no dubteu a enviar-nos el \u2028vostre curr\u00edculum.\n<\/div><img decoding=\"async\" class=\"bde-image2-18-123 bde-image2\" src=\"https:\/\/tauladarquitectura.com\/wp-content\/uploads\/2025\/10\/Rectangle-32.png\" alt=\"Taula d&#039;arquitectura - Despacho\" loading=\"lazy\" srcset=\"https:\/\/tauladarquitectura.com\/wp-content\/uploads\/2025\/10\/Rectangle-32.png 502w, https:\/\/tauladarquitectura.com\/wp-content\/uploads\/2025\/10\/Rectangle-32-300x197.png 300w\" sizes=\"(max-width: 502px) 100vw, 502px\">\n<\/div><div class=\"bde-column-18-103 bde-column\">\n  \n  \n\t\n\n\n\n<h1 class=\"bde-heading-18-111 bde-heading\">\nAbout\n<\/h1><div class=\"bde-text-18-112 bde-text\">\nM\u00e9s de 20 anys d'experi\u00e8ncia ens avalen per poder-vos assessorar i guiar-vos en el, moltes vegades, feixuc proc\u00e9s que implica gaireb\u00e9 qualsevol construcci\u00f3. Des de la primera visita a la parcel\u00b7la o entitat a adquirir fins a la finalitzaci\u00f3 del darrer detall necessari per a la finalitzaci\u00f3 del vostre somni estarem amb vosaltres per tal de garantir la vostra tranquil\u00b7litat i seguretat que totes les peces s'ajusten a les necessitats i requeriments establerts com a punt de partida. <br><br>\u2028\u2028Intentem resoldre de manera senzilla (per\u00f2 alhora sofisticada) els requisits que cada projecte planteja, construint una arquitectura que vol ser sobretot \u00fatil i adequada, resolta amb un alt nivell de qualitat t\u00e8cnica i sense renunciar a la capacitat d'emotivitat que \u00e9s capa\u00e7 d'oferir la millor arquitectura. Una arquitectura compromesa no nom\u00e9s amb la continu\u00eftat amb la tradici\u00f3 i el context si no tamb\u00e9 amb el medi ambient i l'efici\u00e8ncia \n<\/div><h1 class=\"bde-heading-18-113 bde-heading\">\nSelected Clients \n<\/h1><div class=\"bde-text-18-114 bde-text\">\nAjt del prat de Llobregat, Cccb, Ajt de l\u2019Ametlla del vall\u00e8s, Ajt de Barcelona, Ajt de Sant Cugat del Vall\u00e8s, Carroceries barbany, fundaci\u00f3n Mariano Querol, Club N\u00e0utic el Balis, Ecosenda Gesti\u00f3 Ambiental, Cazcarra sl, BIBA sl, KENDA shops, TESS fashion, YA.com, Tres Tocs Fusta, Guillemot, Heron City, Govern Guinea Konakry, Elena Miro, Vestebenne, Bauwerk sl, Tarrass\u00f3Espin\u00e0s, Joan Pascual, (...)\n<\/div>\n<\/div><div class=\"bde-column-18-104 bde-column\">\n  \n  \n\t\n\n\n\n<h1 class=\"bde-heading-18-124 bde-heading\">\nJordi Sanz<br>\n<\/h1><img decoding=\"async\" class=\"bde-image2-18-115 bde-image2\" src=\"https:\/\/tauladarquitectura.com\/wp-content\/uploads\/2025\/10\/w-BK-logoTA-1.png\" alt=\"Taula d&#039;arquitectura - Jordi Sanz\" loading=\"lazy\" sizes=\"(max-width: 149px) 100vw, 149px\"><h1 class=\"bde-heading-18-116 bde-heading\">\nJordi Sanz<br>\n<\/h1><div class=\"bde-text-18-117 bde-text\">\nArquitecte per l'ETSAB des de l'any 2000. Fundador del \u2028despatx Taula d'Arquitectura, a part de la pr\u00f2pia carrera \u2028professional com a arquitecte els darrers 25 anys ha col\u00b7laborat com a professor al Departament de Projectes i al d'Hist\u00f2ria de l'Arquitectura a l'ETSAB (UPC) i amb diferents ajuntaments com el de Barcelona, el Prat de Llobregat i l'Ametlla del Vall\u00e8s entre d'altres.\n<\/div><img decoding=\"async\" class=\"bde-image2-18-118 bde-image2\" src=\"https:\/\/tauladarquitectura.com\/wp-content\/uploads\/2025\/10\/Rectangle-32.png\" alt=\"Taula d&#039;arquitectura - Despacho\" loading=\"lazy\" srcset=\"https:\/\/tauladarquitectura.com\/wp-content\/uploads\/2025\/10\/Rectangle-32.png 502w, https:\/\/tauladarquitectura.com\/wp-content\/uploads\/2025\/10\/Rectangle-32-300x197.png 300w\" sizes=\"(max-width: 502px) 100vw, 502px\"><h1 class=\"bde-heading-18-119 bde-heading\">\nDespatx<br>\n<\/h1><div class=\"bde-text-18-120 bde-text\">\njordi sanz<br>sergi gonzalez<br>roger martin<br>rebeca serret<br>carol pons\n<\/div><h1 class=\"bde-heading-18-121 bde-heading\">\nCol\u00b7laboradors<br>\n<\/h1><div class=\"bde-text-18-122 bde-text\">\nmarc palacios. Arquitecte t\u00e8cnic<br>marc monedero. Project management<br>MVA c\u00e0lcul estructures<br>carles casas. Enginyeria<br>ABOCAM. Dret urban\u00edstic<br>I3Deas. Infografia i renderitzaci\u00f3\n<\/div>\n<\/div><\/div><img decoding=\"async\" class=\"bde-image2-18-125 bde-image2\" src=\"https:\/\/tauladarquitectura.com\/wp-content\/uploads\/2025\/10\/IMG_HOME-1.png\" alt=\"Taula d&#039;arquitectura - colage de imagenes\" loading=\"lazy\" srcset=\"https:\/\/tauladarquitectura.com\/wp-content\/uploads\/2025\/10\/IMG_HOME-1.png 1080w, https:\/\/tauladarquitectura.com\/wp-content\/uploads\/2025\/10\/IMG_HOME-1-300x193.png 300w, https:\/\/tauladarquitectura.com\/wp-content\/uploads\/2025\/10\/IMG_HOME-1-1024x659.png 1024w, https:\/\/tauladarquitectura.com\/wp-content\/uploads\/2025\/10\/IMG_HOME-1-768x494.png 768w\" sizes=\"(max-width: 1080px) 100vw, 1080px\"><\/div>\n<\/section>","protected":false},"excerpt":{"rendered":"<p>Contacte Taula d&#8217;ArquitecturaCtra de Sant Feliu 1708480 L\u2019Ametlla del Vall\u00e8s( +34) 658342092info@tauladarquitectura.com Instagram Linkedin Actualment, no tenim cap \u2028proc\u00e9s de selecci\u00f3 obert, per\u00f2 \u2028no dubteu a enviar-nos el \u2028vostre curr\u00edculum. About M\u00e9s de 20 anys d&#8217;experi\u00e8ncia ens avalen per poder-vos assessorar i guiar-vos en el, moltes vegades, feixuc proc\u00e9s que implica gaireb\u00e9 qualsevol construcci\u00f3. Des [&hellip;]<\/p>","protected":false},"author":1,"featured_media":0,"parent":0,"menu_order":0,"comment_status":"closed","ping_status":"closed","template":"","meta":{"_acf_changed":false,"_breakdance_hide_in_design_set":false,"_breakdance_tags":"","footnotes":""},"class_list":["post-18","page","type-page","status-publish","hentry"],"acf":[],"_links":{"self":[{"href":"https:\/\/tauladarquitectura.com\/es\/wp-json\/wp\/v2\/pages\/18","targetHints":{"allow":["GET"]}}],"collection":[{"href":"https:\/\/tauladarquitectura.com\/es\/wp-json\/wp\/v2\/pages"}],"about":[{"href":"https:\/\/tauladarquitectura.com\/es\/wp-json\/wp\/v2\/types\/page"}],"author":[{"embeddable":true,"href":"https:\/\/tauladarquitectura.com\/es\/wp-json\/wp\/v2\/users\/1"}],"replies":[{"embeddable":true,"href":"https:\/\/tauladarquitectura.com\/es\/wp-json\/wp\/v2\/comments?post=18"}],"version-history":[{"count":45,"href":"https:\/\/tauladarquitectura.com\/es\/wp-json\/wp\/v2\/pages\/18\/revisions"}],"predecessor-version":[{"id":894,"href":"https:\/\/tauladarquitectura.com\/es\/wp-json\/wp\/v2\/pages\/18\/revisions\/894"}],"wp:attachment":[{"href":"https:\/\/tauladarquitectura.com\/es\/wp-json\/wp\/v2\/media?parent=18"}],"curies":[{"name":"wp","href":"https:\/\/api.w.org\/{rel}","templated":true}]}}